{"id":1343,"date":"2025-06-18T07:32:25","date_gmt":"2025-06-18T06:32:25","guid":{"rendered":"https:\/\/www.zopari.at\/?post_type=product&#038;p=1343"},"modified":"2025-06-18T09:20:44","modified_gmt":"2025-06-18T08:20:44","slug":"skirt-croco-rose-asim-kopie","status":"publish","type":"product","link":"https:\/\/www.zopari.at\/en\/produkt\/skirt-croco-rose-asim-kopie\/","title":{"rendered":"Skirt &#8211; Agathe"},"content":{"rendered":"","protected":false},"excerpt":{"rendered":"<p><strong>This black boucl\u00e9 skirt combines classic elegance with a modern, structured silhouette.<\/strong> The fine boucl\u00e9 fabric with a light glitter yarn gives the skirt a noble depth and subtle sophistication. The lined interior ensures comfortable wear &#8211; even on cooler days. <\/p>\n<p>Two discreetly integrated side pockets with seamless zippers combine functionality with stylish restraint.<\/p>\n<p>With its clean lines and refined craftsmanship, the skirt can be stylishly combined &#8211; whether for the office with a sweater, elegantly with a blouse and matching Agathe jacket, or casually with fine knit for everyday wear.<\/p>\n<p>The look is particularly harmonious when combined with our bodysuits &#8211; for a clear, well-thought-out overall appearance.<\/p>\n<p><em>Stefanie wears size M, she is 175cm tall.<\/em><\/p>\n","protected":false},"featured_media":1351,"template":"","meta":{"neve_meta_sidebar":"","neve_meta_container":"","neve_meta_enable_content_width":"off","neve_meta_content_width":100,"neve_meta_title_alignment":"","neve_meta_author_avatar":"","neve_post_elements_order":"","neve_meta_disable_header":"","neve_meta_disable_footer":"","neve_meta_disable_title":"","neve_meta_reading_time":""},"product_brand":[],"product_cat":[59],"product_tag":[],"class_list":{"0":"post-1343","1":"product","2":"type-product","3":"status-publish","4":"has-post-thumbnail","6":"product_cat-skirts","8":"first","9":"instock","10":"shipping-taxable","11":"purchasable","12":"product-type-variable"},"yoast_head":"<!-- This site is optimized with the Yoast SEO plugin v26.9 - https:\/\/yoast.com\/product\/yoast-seo-wordpress\/ -->\n<title>Skirt - Agathe - ZoP\u00e0ri Atelier<\/title>\n<meta name=\"robots\" content=\"index, follow, max-snippet:-1, max-image-preview:large, max-video-preview:-1\" \/>\n<link rel=\"canonical\" href=\"https:\/\/www.zopari.at\/en\/produkt\/skirt-croco-rose-asim-kopie\/\" \/>\n<meta property=\"og:locale\" content=\"en_US\" \/>\n<meta property=\"og:type\" content=\"article\" \/>\n<meta property=\"og:title\" content=\"Skirt - Agathe - ZoP\u00e0ri Atelier\" \/>\n<meta property=\"og:description\" content=\"This black boucl\u00e9 skirt combines classic elegance with a modern, structured silhouette. The fine boucl\u00e9 fabric with a light glitter yarn gives the skirt a noble depth and subtle sophistication. The lined interior ensures comfortable wear - even on cooler days.  Two discreetly integrated side pockets with seamless zippers combine functionality with stylish restraint. With its clean lines and refined craftsmanship, the skirt can be stylishly combined - whether for the office with a sweater, elegantly with a blouse and matching Agathe jacket, or casually with fine knit for everyday wear. The look is particularly harmonious when combined with our bodysuits - for a clear, well-thought-out overall appearance. Stefanie wears size M, she is 175cm tall.\" \/>\n<meta property=\"og:url\" content=\"https:\/\/www.zopari.at\/en\/produkt\/skirt-croco-rose-asim-kopie\/\" \/>\n<meta property=\"og:site_name\" content=\"ZoP\u00e0ri Atelier\" \/>\n<meta property=\"article:modified_time\" content=\"2025-06-18T08:20:44+00:00\" \/>\n<meta property=\"og:image\" content=\"https:\/\/www.zopari.at\/wp-content\/uploads\/2025\/06\/Rock-Agathe-3-scaled.jpg\" \/>\n\t<meta property=\"og:image:width\" content=\"1920\" \/>\n\t<meta property=\"og:image:height\" content=\"2560\" \/>\n\t<meta property=\"og:image:type\" content=\"image\/jpeg\" \/>\n<meta name=\"twitter:card\" content=\"summary_large_image\" \/>\n<script type=\"application\/ld+json\" class=\"yoast-schema-graph\">{\"@context\":\"https:\/\/schema.org\",\"@graph\":[{\"@type\":\"WebPage\",\"@id\":\"https:\/\/www.zopari.at\/en\/produkt\/skirt-croco-rose-asim-kopie\/\",\"url\":\"https:\/\/www.zopari.at\/en\/produkt\/skirt-croco-rose-asim-kopie\/\",\"name\":\"Skirt - Agathe - ZoP\u00e0ri Atelier\",\"isPartOf\":{\"@id\":\"https:\/\/www.zopari.at\/en\/#website\"},\"primaryImageOfPage\":{\"@id\":\"https:\/\/www.zopari.at\/en\/produkt\/skirt-croco-rose-asim-kopie\/#primaryimage\"},\"image\":{\"@id\":\"https:\/\/www.zopari.at\/en\/produkt\/skirt-croco-rose-asim-kopie\/#primaryimage\"},\"thumbnailUrl\":\"https:\/\/www.zopari.at\/wp-content\/uploads\/2025\/06\/Rock-Agathe-3-scaled.jpg\",\"datePublished\":\"2025-06-18T06:32:25+00:00\",\"dateModified\":\"2025-06-18T08:20:44+00:00\",\"breadcrumb\":{\"@id\":\"https:\/\/www.zopari.at\/en\/produkt\/skirt-croco-rose-asim-kopie\/#breadcrumb\"},\"inLanguage\":\"en-US\",\"potentialAction\":[{\"@type\":\"ReadAction\",\"target\":[\"https:\/\/www.zopari.at\/en\/produkt\/skirt-croco-rose-asim-kopie\/\"]}]},{\"@type\":\"ImageObject\",\"inLanguage\":\"en-US\",\"@id\":\"https:\/\/www.zopari.at\/en\/produkt\/skirt-croco-rose-asim-kopie\/#primaryimage\",\"url\":\"https:\/\/www.zopari.at\/wp-content\/uploads\/2025\/06\/Rock-Agathe-3-scaled.jpg\",\"contentUrl\":\"https:\/\/www.zopari.at\/wp-content\/uploads\/2025\/06\/Rock-Agathe-3-scaled.jpg\",\"width\":1920,\"height\":2560},{\"@type\":\"BreadcrumbList\",\"@id\":\"https:\/\/www.zopari.at\/en\/produkt\/skirt-croco-rose-asim-kopie\/#breadcrumb\",\"itemListElement\":[{\"@type\":\"ListItem\",\"position\":1,\"name\":\"Startseite\",\"item\":\"https:\/\/www.zopari.at\/en\/home\/\"},{\"@type\":\"ListItem\",\"position\":2,\"name\":\"Products\",\"item\":\"https:\/\/www.zopari.at\/en\/shop\/\"},{\"@type\":\"ListItem\",\"position\":3,\"name\":\"Skirt &#8211; Agathe\"}]},{\"@type\":\"WebSite\",\"@id\":\"https:\/\/www.zopari.at\/en\/#website\",\"url\":\"https:\/\/www.zopari.at\/en\/\",\"name\":\"ZoP\u00e0ri Atelier\",\"description\":\"Nachhaltiges Modeatelier aus Wien\",\"publisher\":{\"@id\":\"https:\/\/www.zopari.at\/en\/#organization\"},\"potentialAction\":[{\"@type\":\"SearchAction\",\"target\":{\"@type\":\"EntryPoint\",\"urlTemplate\":\"https:\/\/www.zopari.at\/en\/?s={search_term_string}\"},\"query-input\":{\"@type\":\"PropertyValueSpecification\",\"valueRequired\":true,\"valueName\":\"search_term_string\"}}],\"inLanguage\":\"en-US\"},{\"@type\":\"Organization\",\"@id\":\"https:\/\/www.zopari.at\/en\/#organization\",\"name\":\"ZoP\u00e0ri Atelier\",\"url\":\"https:\/\/www.zopari.at\/en\/\",\"logo\":{\"@type\":\"ImageObject\",\"inLanguage\":\"en-US\",\"@id\":\"https:\/\/www.zopari.at\/en\/#\/schema\/logo\/image\/\",\"url\":\"https:\/\/www.zopari.at\/wp-content\/uploads\/2025\/03\/Favicon-Zopari.png\",\"contentUrl\":\"https:\/\/www.zopari.at\/wp-content\/uploads\/2025\/03\/Favicon-Zopari.png\",\"width\":568,\"height\":536,\"caption\":\"ZoP\u00e0ri Atelier\"},\"image\":{\"@id\":\"https:\/\/www.zopari.at\/en\/#\/schema\/logo\/image\/\"}}]}<\/script>\n<!-- \/ Yoast SEO plugin. -->","yoast_head_json":{"title":"Skirt - Agathe - ZoP\u00e0ri Atelier","robots":{"index":"index","follow":"follow","max-snippet":"max-snippet:-1","max-image-preview":"max-image-preview:large","max-video-preview":"max-video-preview:-1"},"canonical":"https:\/\/www.zopari.at\/en\/produkt\/skirt-croco-rose-asim-kopie\/","og_locale":"en_US","og_type":"article","og_title":"Skirt - Agathe - ZoP\u00e0ri Atelier","og_description":"This black boucl\u00e9 skirt combines classic elegance with a modern, structured silhouette. The fine boucl\u00e9 fabric with a light glitter yarn gives the skirt a noble depth and subtle sophistication. The lined interior ensures comfortable wear - even on cooler days.  Two discreetly integrated side pockets with seamless zippers combine functionality with stylish restraint. With its clean lines and refined craftsmanship, the skirt can be stylishly combined - whether for the office with a sweater, elegantly with a blouse and matching Agathe jacket, or casually with fine knit for everyday wear. The look is particularly harmonious when combined with our bodysuits - for a clear, well-thought-out overall appearance. Stefanie wears size M, she is 175cm tall.","og_url":"https:\/\/www.zopari.at\/en\/produkt\/skirt-croco-rose-asim-kopie\/","og_site_name":"ZoP\u00e0ri Atelier","article_modified_time":"2025-06-18T08:20:44+00:00","og_image":[{"width":1920,"height":2560,"url":"https:\/\/www.zopari.at\/wp-content\/uploads\/2025\/06\/Rock-Agathe-3-scaled.jpg","type":"image\/jpeg"}],"twitter_card":"summary_large_image","schema":{"@context":"https:\/\/schema.org","@graph":[{"@type":"WebPage","@id":"https:\/\/www.zopari.at\/en\/produkt\/skirt-croco-rose-asim-kopie\/","url":"https:\/\/www.zopari.at\/en\/produkt\/skirt-croco-rose-asim-kopie\/","name":"Skirt - Agathe - ZoP\u00e0ri Atelier","isPartOf":{"@id":"https:\/\/www.zopari.at\/en\/#website"},"primaryImageOfPage":{"@id":"https:\/\/www.zopari.at\/en\/produkt\/skirt-croco-rose-asim-kopie\/#primaryimage"},"image":{"@id":"https:\/\/www.zopari.at\/en\/produkt\/skirt-croco-rose-asim-kopie\/#primaryimage"},"thumbnailUrl":"https:\/\/www.zopari.at\/wp-content\/uploads\/2025\/06\/Rock-Agathe-3-scaled.jpg","datePublished":"2025-06-18T06:32:25+00:00","dateModified":"2025-06-18T08:20:44+00:00","breadcrumb":{"@id":"https:\/\/www.zopari.at\/en\/produkt\/skirt-croco-rose-asim-kopie\/#breadcrumb"},"inLanguage":"en-US","potentialAction":[{"@type":"ReadAction","target":["https:\/\/www.zopari.at\/en\/produkt\/skirt-croco-rose-asim-kopie\/"]}]},{"@type":"ImageObject","inLanguage":"en-US","@id":"https:\/\/www.zopari.at\/en\/produkt\/skirt-croco-rose-asim-kopie\/#primaryimage","url":"https:\/\/www.zopari.at\/wp-content\/uploads\/2025\/06\/Rock-Agathe-3-scaled.jpg","contentUrl":"https:\/\/www.zopari.at\/wp-content\/uploads\/2025\/06\/Rock-Agathe-3-scaled.jpg","width":1920,"height":2560},{"@type":"BreadcrumbList","@id":"https:\/\/www.zopari.at\/en\/produkt\/skirt-croco-rose-asim-kopie\/#breadcrumb","itemListElement":[{"@type":"ListItem","position":1,"name":"Startseite","item":"https:\/\/www.zopari.at\/en\/home\/"},{"@type":"ListItem","position":2,"name":"Products","item":"https:\/\/www.zopari.at\/en\/shop\/"},{"@type":"ListItem","position":3,"name":"Skirt &#8211; Agathe"}]},{"@type":"WebSite","@id":"https:\/\/www.zopari.at\/en\/#website","url":"https:\/\/www.zopari.at\/en\/","name":"ZoP\u00e0ri Atelier","description":"Nachhaltiges Modeatelier aus Wien","publisher":{"@id":"https:\/\/www.zopari.at\/en\/#organization"},"potentialAction":[{"@type":"SearchAction","target":{"@type":"EntryPoint","urlTemplate":"https:\/\/www.zopari.at\/en\/?s={search_term_string}"},"query-input":{"@type":"PropertyValueSpecification","valueRequired":true,"valueName":"search_term_string"}}],"inLanguage":"en-US"},{"@type":"Organization","@id":"https:\/\/www.zopari.at\/en\/#organization","name":"ZoP\u00e0ri Atelier","url":"https:\/\/www.zopari.at\/en\/","logo":{"@type":"ImageObject","inLanguage":"en-US","@id":"https:\/\/www.zopari.at\/en\/#\/schema\/logo\/image\/","url":"https:\/\/www.zopari.at\/wp-content\/uploads\/2025\/03\/Favicon-Zopari.png","contentUrl":"https:\/\/www.zopari.at\/wp-content\/uploads\/2025\/03\/Favicon-Zopari.png","width":568,"height":536,"caption":"ZoP\u00e0ri Atelier"},"image":{"@id":"https:\/\/www.zopari.at\/en\/#\/schema\/logo\/image\/"}}]}},"_links":{"self":[{"href":"https:\/\/www.zopari.at\/en\/wp-json\/wp\/v2\/product\/1343","targetHints":{"allow":["GET"]}}],"collection":[{"href":"https:\/\/www.zopari.at\/en\/wp-json\/wp\/v2\/product"}],"about":[{"href":"https:\/\/www.zopari.at\/en\/wp-json\/wp\/v2\/types\/product"}],"wp:featuredmedia":[{"embeddable":true,"href":"https:\/\/www.zopari.at\/en\/wp-json\/wp\/v2\/media\/1351"}],"wp:attachment":[{"href":"https:\/\/www.zopari.at\/en\/wp-json\/wp\/v2\/media?parent=1343"}],"wp:term":[{"taxonomy":"product_brand","embeddable":true,"href":"https:\/\/www.zopari.at\/en\/wp-json\/wp\/v2\/product_brand?post=1343"},{"taxonomy":"product_cat","embeddable":true,"href":"https:\/\/www.zopari.at\/en\/wp-json\/wp\/v2\/product_cat?post=1343"},{"taxonomy":"product_tag","embeddable":true,"href":"https:\/\/www.zopari.at\/en\/wp-json\/wp\/v2\/product_tag?post=1343"}],"curies":[{"name":"wp","href":"https:\/\/api.w.org\/{rel}","templated":true}]}}